{"id":187,"date":"2020-05-17T18:46:26","date_gmt":"2020-05-17T16:46:26","guid":{"rendered":"https:\/\/protec.anhydride-acide.fr\/?page_id=187"},"modified":"2020-09-21T21:01:33","modified_gmt":"2020-09-21T19:01:33","slug":"dispositif-previsionnel-de-secours","status":"publish","type":"page","link":"https:\/\/protec.anhydride-acide.fr\/?page_id=187","title":{"rendered":"Dispositif pr\u00e9visionnel de secours"},"content":{"rendered":"\t\t<div data-elementor-type=\"wp-page\" data-elementor-id=\"187\" class=\"elementor elementor-187\" data-elementor-settings=\"[]\">\n\t\t\t\t\t\t<div class=\"elementor-inner\">\n\t\t\t\t\t\t\t<div class=\"elementor-section-wrap\">\n\t\t\t\t\t\t\t<section class=\"elementor-section elementor-top-section elementor-element elementor-element-879ba4a elementor-section-boxed elementor-section-height-default elementor-section-height-default\" data-id=\"879ba4a\" data-element_type=\"section\">\n\t\t\t\t\t\t<div class=\"elementor-container elementor-column-gap-default\">\n\t\t\t\t\t\t\t<div class=\"elementor-row\">\n\t\t\t\t\t<div class=\"elementor-column elementor-col-100 elementor-top-column elementor-element elementor-element-fb5b5a9\" data-id=\"fb5b5a9\" data-element_type=\"column\">\n\t\t\t<div class=\"elementor-column-wrap elementor-element-populated\">\n\t\t\t\t\t\t\t<div class=\"elementor-widget-wrap\">\n\t\t\t\t\t\t<section class=\"elementor-section elementor-inner-section elementor-element elementor-element-08ed18b elementor-section-boxed elementor-section-height-default elementor-section-height-default\" data-id=\"08ed18b\" data-element_type=\"section\">\n\t\t\t\t\t\t<div class=\"elementor-container elementor-column-gap-default\">\n\t\t\t\t\t\t\t<div class=\"elementor-row\">\n\t\t\t\t\t<div class=\"elementor-column elementor-col-50 elementor-inner-column elementor-element elementor-element-5413d85\" data-id=\"5413d85\" data-element_type=\"column\">\n\t\t\t<div class=\"elementor-column-wrap elementor-element-populated\">\n\t\t\t\t\t\t\t<div class=\"elementor-widget-wrap\">\n\t\t\t\t\t\t<div class=\"elementor-element elementor-element-a77bb01 elementor-widget elementor-widget-image\" data-id=\"a77bb01\" data-element_type=\"widget\" data-widget_type=\"image.default\">\n\t\t\t\t<div class=\"elementor-widget-container\">\n\t\t\t\t\t<div class=\"elementor-image\">\n\t\t\t\t\t\t\t\t\t\t<img src=\"https:\/\/protec.anhydride-acide.fr\/wp-content\/plugins\/elementor\/assets\/images\/placeholder.png\" title=\"\" alt=\"\" \/>\t\t\t\t\t\t\t\t\t\t\t<\/div>\n\t\t\t\t<\/div>\n\t\t\t\t<\/div>\n\t\t\t\t\t\t<\/div>\n\t\t\t\t\t<\/div>\n\t\t<\/div>\n\t\t\t\t<div class=\"elementor-column elementor-col-50 elementor-inner-column elementor-element elementor-element-a775ab2\" data-id=\"a775ab2\" data-element_type=\"column\">\n\t\t\t<div class=\"elementor-column-wrap elementor-element-populated\">\n\t\t\t\t\t\t\t<div class=\"elementor-widget-wrap\">\n\t\t\t\t\t\t<div class=\"elementor-element elementor-element-75d9ca4 elementor-widget elementor-widget-text-editor\" data-id=\"75d9ca4\" data-element_type=\"widget\" data-widget_type=\"text-editor.default\">\n\t\t\t\t<div class=\"elementor-widget-container\">\n\t\t\t\t\t<div class=\"elementor-text-editor elementor-clearfix\"><h6 dir=\"ltr\">Les Dispositifs Pr\u00e9visionnels de Secours repr\u00e9sentent une part importante de nos activit\u00e9s. Lors de manifestations sportives, comme des matchs de rugby, courses de v\u00e9lo, ski&#8230; ou de manifestations festives comme les March\u00e9s de No\u00ebl, des soir\u00e9es \u00e9tudiantes,\u2026 des secouristes de la Protection Civile de l\u2019Is\u00e8re sont pr\u00e9sents pour la s\u00e9curit\u00e9 des intervenants comme du public.<\/h6><h6 dir=\"ltr\">Un Dispositifs Pr\u00e9visionnels de Secours n\u00e9cessite du personnel form\u00e9 et entra\u00een\u00e9. Les moyens n\u00e9cessaires \u00e0 la tenue d\u2019un tel dispositif sont d\u00e9finis dans une grille de dimensionnement qui tient compte de plusieurs facteurs. Par exemple, le nombre de personnes pr\u00e9sentes et l\u2019\u00e9loignement des secours publics sont pris en consid\u00e9ration. Nous d\u00e9terminons ensuite les moyens \u00e0 mettre en oeuvre : nombre de secouristes et \u00e9quipiers secouristes, v\u00e9hicules, moyens radios&#8230;<\/h6><h6 dir=\"ltr\">Nos DPS historiques : la Foul\u00e9e Blanche, le V\u00e9lo Vert Festival, le trail du Nivollet Revard, la f\u00eate de la coquille, les rencontres Cin\u00e9 Montagne&#8230;<\/h6><h6 dir=\"ltr\">Nos DPS en inter associatif : la foire des Rameaux, le Cabaret Frapp\u00e9, la f\u00eate de la musique et le 14 Juillet<\/h6><\/div>\n\t\t\t\t<\/div>\n\t\t\t\t<\/div>\n\t\t\t\t\t\t<\/div>\n\t\t\t\t\t<\/div>\n\t\t<\/div>\n\t\t\t\t\t\t\t\t<\/div>\n\t\t\t\t\t<\/div>\n\t\t<\/section>\n\t\t\t\t\t\t<\/div>\n\t\t\t\t\t<\/div>\n\t\t<\/div>\n\t\t\t\t\t\t\t\t<\/div>\n\t\t\t\t\t<\/div>\n\t\t<\/section>\n\t\t\t\t\t\t<\/div>\n\t\t\t\t\t\t<\/div>\n\t\t\t\t\t<\/div>\n\t\t","protected":false},"excerpt":{"rendered":"<p>Les Dispositifs Pr\u00e9visionnels de Secours repr\u00e9sentent une part importante de nos activit\u00e9s. Lors de manifestations sportives, comme des matchs de rugby, courses de v\u00e9lo, ski&#8230; ou de manifestations festives comme les March\u00e9s de No\u00ebl, des soir\u00e9es \u00e9tudiantes,\u2026 des secouristes de la Protection Civile de l\u2019Is\u00e8re sont pr\u00e9sents pour la s\u00e9curit\u00e9 des intervenants comme du public. &#8230; <a title=\"Dispositif pr\u00e9visionnel de secours\" class=\"read-more\" href=\"https:\/\/protec.anhydride-acide.fr\/?page_id=187\" aria-label=\"More on Dispositif pr\u00e9visionnel de secours\">Lire plus<\/a><\/p>\n","protected":false},"author":9,"featured_media":0,"parent":0,"menu_order":0,"comment_status":"closed","ping_status":"closed","template":"","meta":[],"_links":{"self":[{"href":"https:\/\/protec.anhydride-acide.fr\/index.php?rest_route=\/wp\/v2\/pages\/187"}],"collection":[{"href":"https:\/\/protec.anhydride-acide.fr\/index.php?rest_route=\/wp\/v2\/pages"}],"about":[{"href":"https:\/\/protec.anhydride-acide.fr\/index.php?rest_route=\/wp\/v2\/types\/page"}],"author":[{"embeddable":true,"href":"https:\/\/protec.anhydride-acide.fr\/index.php?rest_route=\/wp\/v2\/users\/9"}],"replies":[{"embeddable":true,"href":"https:\/\/protec.anhydride-acide.fr\/index.php?rest_route=%2Fwp%2Fv2%2Fcomments&post=187"}],"version-history":[{"count":10,"href":"https:\/\/protec.anhydride-acide.fr\/index.php?rest_route=\/wp\/v2\/pages\/187\/revisions"}],"predecessor-version":[{"id":295,"href":"https:\/\/protec.anhydride-acide.fr\/index.php?rest_route=\/wp\/v2\/pages\/187\/revisions\/295"}],"wp:attachment":[{"href":"https:\/\/protec.anhydride-acide.fr\/index.php?rest_route=%2Fwp%2Fv2%2Fmedia&parent=187"}],"curies":[{"name":"wp","href":"https:\/\/api.w.org\/{rel}","templated":true}]}}